{"id":1572,"date":"2020-01-11T23:07:18","date_gmt":"2020-01-12T04:07:18","guid":{"rendered":"https:\/\/eceb.utp.ac.pa\/?page_id=1572"},"modified":"2020-01-11T23:54:22","modified_gmt":"2020-01-12T04:54:22","slug":"evaluacion-de-estrategias-de-enfriamiento-radiativo-para-confort-en-edificaciones-en-panama-estudio-numerico-y-modelado-con-ees","status":"publish","type":"page","link":"https:\/\/eceb.utp.ac.pa\/en\/evaluacion-de-estrategias-de-enfriamiento-radiativo-para-confort-en-edificaciones-en-panama-estudio-numerico-y-modelado-con-ees\/","title":{"rendered":"Evaluaci\u00f3n de estrategias de enfriamiento radiativo para confort en edificaciones en Panam\u00e1: Estudio num\u00e9rico y modelado con EES"},"content":{"rendered":"<p><\/p>\n\n\n\n<p><strong>Objetivo general:<\/strong><\/p>\n\n\n\n<p>Estudiar la implementaci\u00f3n de la tecnolog\u00eda \u00abradiative sky cooling\u00bb en edificaciones en Panam\u00e1 mediante simulaci\u00f3n <\/p>","protected":false},"excerpt":{"rendered":"<p>Objetivo general: Estudiar la implementaci\u00f3n de la tecnolog\u00eda \u00abradiative sky cooling\u00bb en edificaciones en Panam\u00e1 mediante simulaci\u00f3n<\/p>","protected":false},"author":1,"featured_media":0,"parent":0,"menu_order":0,"comment_status":"closed","ping_status":"closed","template":"","meta":{"footnotes":""},"class_list":["post-1572","page","type-page","status-publish","hentry"],"_links":{"self":[{"href":"https:\/\/eceb.utp.ac.pa\/en\/wp-json\/wp\/v2\/pages\/1572","targetHints":{"allow":["GET"]}}],"collection":[{"href":"https:\/\/eceb.utp.ac.pa\/en\/wp-json\/wp\/v2\/pages"}],"about":[{"href":"https:\/\/eceb.utp.ac.pa\/en\/wp-json\/wp\/v2\/types\/page"}],"author":[{"embeddable":true,"href":"https:\/\/eceb.utp.ac.pa\/en\/wp-json\/wp\/v2\/users\/1"}],"replies":[{"embeddable":true,"href":"https:\/\/eceb.utp.ac.pa\/en\/wp-json\/wp\/v2\/comments?post=1572"}],"version-history":[{"count":2,"href":"https:\/\/eceb.utp.ac.pa\/en\/wp-json\/wp\/v2\/pages\/1572\/revisions"}],"predecessor-version":[{"id":1612,"href":"https:\/\/eceb.utp.ac.pa\/en\/wp-json\/wp\/v2\/pages\/1572\/revisions\/1612"}],"wp:attachment":[{"href":"https:\/\/eceb.utp.ac.pa\/en\/wp-json\/wp\/v2\/media?parent=1572"}],"curies":[{"name":"wp","href":"https:\/\/api.w.org\/{rel}","templated":true}]}}