{"id":1581,"date":"2020-01-11T23:23:42","date_gmt":"2020-01-12T04:23:42","guid":{"rendered":"https:\/\/eceb.utp.ac.pa\/?page_id=1581"},"modified":"2020-01-11T23:56:21","modified_gmt":"2020-01-12T04:56:21","slug":"adaptacion-de-arquitectura-bioclimatica-a-edificaciones-en-panama-estudio-numerico-sobre-la-implementacion-de-mcf-en-la-envolvente","status":"publish","type":"page","link":"https:\/\/eceb.utp.ac.pa\/en\/adaptacion-de-arquitectura-bioclimatica-a-edificaciones-en-panama-estudio-numerico-sobre-la-implementacion-de-mcf-en-la-envolvente\/","title":{"rendered":"Adaptaci\u00f3n de arquitectura bioclim\u00e1tica a edificaciones en Panam\u00e1: Estudio num\u00e9rico sobre la implementaci\u00f3n de MCF en la envolvente"},"content":{"rendered":"<p><\/p>\n\n\n\n<p><strong>Objetivo general:<\/strong><\/p>\n\n\n\n<p>Evaluar la implementaci\u00f3n de materiales de cambio de fase como parte de la envolvente en edificaciones en Panam\u00e1.<\/p>","protected":false},"excerpt":{"rendered":"<p>Objetivo general: Evaluar la implementaci\u00f3n de materiales de cambio de fase como parte de la envolvente en edificaciones en Panam\u00e1.<\/p>","protected":false},"author":1,"featured_media":0,"parent":0,"menu_order":0,"comment_status":"closed","ping_status":"closed","template":"","meta":{"footnotes":""},"class_list":["post-1581","page","type-page","status-publish","hentry"],"_links":{"self":[{"href":"https:\/\/eceb.utp.ac.pa\/en\/wp-json\/wp\/v2\/pages\/1581","targetHints":{"allow":["GET"]}}],"collection":[{"href":"https:\/\/eceb.utp.ac.pa\/en\/wp-json\/wp\/v2\/pages"}],"about":[{"href":"https:\/\/eceb.utp.ac.pa\/en\/wp-json\/wp\/v2\/types\/page"}],"author":[{"embeddable":true,"href":"https:\/\/eceb.utp.ac.pa\/en\/wp-json\/wp\/v2\/users\/1"}],"replies":[{"embeddable":true,"href":"https:\/\/eceb.utp.ac.pa\/en\/wp-json\/wp\/v2\/comments?post=1581"}],"version-history":[{"count":3,"href":"https:\/\/eceb.utp.ac.pa\/en\/wp-json\/wp\/v2\/pages\/1581\/revisions"}],"predecessor-version":[{"id":1614,"href":"https:\/\/eceb.utp.ac.pa\/en\/wp-json\/wp\/v2\/pages\/1581\/revisions\/1614"}],"wp:attachment":[{"href":"https:\/\/eceb.utp.ac.pa\/en\/wp-json\/wp\/v2\/media?parent=1581"}],"curies":[{"name":"wp","href":"https:\/\/api.w.org\/{rel}","templated":true}]}}