{"id":1585,"date":"2020-01-11T23:25:05","date_gmt":"2020-01-12T04:25:05","guid":{"rendered":"https:\/\/eceb.utp.ac.pa\/?page_id=1585"},"modified":"2020-01-11T23:51:45","modified_gmt":"2020-01-12T04:51:45","slug":"analisis-del-impacto-del-comportamiento-del-ocupante-en-el-consumo-de-energia-en-edificaciones-auditoria-y-enfoque-experimental-en-panama","status":"publish","type":"page","link":"https:\/\/eceb.utp.ac.pa\/en\/analisis-del-impacto-del-comportamiento-del-ocupante-en-el-consumo-de-energia-en-edificaciones-auditoria-y-enfoque-experimental-en-panama\/","title":{"rendered":"An\u00e1lisis del impacto del comportamiento del ocupante en el consumo de energ\u00eda en edificaciones: Auditor\u00eda y enfoque experimental en Panam\u00e1"},"content":{"rendered":"<p> Tesis de Maestr\u00eda Cient\u00edfica en Ingenier\u00eda Mec\u00e1nica <\/p>\n\n\n\n<p><strong>Estudiante:<\/strong> Ing. Eric Parker<\/p>\n\n\n\n<p> <strong>Direcci\u00f3n:<\/strong>  <\/p>\n\n\n\n<ul class=\"wp-block-list\"><li>Dra. Dafni Mora (Asesora)<\/li><li>Dr. Miguel Chen Austin (Co-asesor) <\/li><\/ul>\n\n\n\n<p><strong>Abstract:<\/strong><\/p>\n\n\n\n<p>Una de las barreras m\u00e1s importantes cuando se busca mejorar la eficiencia energ\u00e9tica de los edificios, es la falta de conocimiento sobre los factores que determinan el uso final de la energ\u00eda. La Agencia Internacional de Energ\u00eda (IEA) y el Programa de Energ\u00eda en los Edificios y Comunidades (EBC), en su proyecto Anexo 53, identific\u00f3 seis factores determinantes en el uso de energ\u00eda en edificios: clima, envolvente del edificio, sistemas de energ\u00eda y servicios del edificio, criterios de dise\u00f1o interior, operaci\u00f3n y mantenimiento, y comportamiento de los ocupantes. El \u00fanico factor sin mostrar progreso significativo recae en el \u00faltimo, donde existen fallas cient\u00edficas actuales en el modelo energ\u00e9tico relacionado con \u00e9sta en edificios. A menudo, se reporta una discrepancia significativa entre las predicciones o estimaciones y el uso real de la energ\u00eda total en las edificaciones. De acuerdo con expertos del Programa de Energ\u00eda en Edificios y Comunidades de la Agencia Internacional de Energ\u00eda (IEA-EBC), y resultados del proyecto internacional Anexo 66: Definici\u00f3n y simulaci\u00f3n del Comportamiento de los Ocupantes en Edificios, las razones de esta diferencia son poco conocidas y en gran parte tiene que ver m\u00e1s con el comportamiento del ocupante, que con el dise\u00f1o del edificio. Tomando de referencia todo lo anterior; este proyecto busca evaluar el comportamiento actual del ocupante dentro de las instalaciones del edificio administrativo de la Universidad Tecnol\u00f3gica de Panam\u00e1. Este comportamiento se prev\u00e9 determinar a trav\u00e9s de encuestas y m\u00e9todos estad\u00edsticos, y luego, relacionar con el consumo energ\u00e9tico mensual de la edificaci\u00f3n[1\u20136][7\u20139]. Al final, se desea sugerir que modificaciones podr\u00edan ser recomendadas al personal administrativo para disminuir el consumo energ\u00e9tico de la edificaci\u00f3n.<\/p>\n\n\n\n<p><strong>Objetivo general:<\/strong><\/p>\n\n\n\n<p>Analizar y evaluar el impacto del comportamiento del ocupante en el consumo energ\u00e9tico de una edificaci\u00f3n.<\/p>\n\n\n\n<p>Ver manuscrito de tesis<\/p>\n\n\n\n<p><strong>Associated publications:<\/strong><\/p>\n\n\n\n<p><strong>Referencias bibliogr\u00e1ficas:<\/strong><\/p>\n\n\n\n<ul class=\"wp-block-list\"><li>C. Carpino, D. Mora, M. de Simone, On the use of questionnaire in residential buildings. {A} review of collected data, methodologies and objectives, Energy and Buildings. (2019). doi:10.1016\/j.enbuild.2018.12.021.<\/li><li>D. Mora, C. Carpino, M. de Simone, Energy consumption of residential buildings and occupancy profiles. A case study in Mediterranean climatic conditions, Energy Efficiency. 11 (2018). doi:10.1007\/s12053-017-9553-0.<\/li><li>M. de Simone, C. Carpino, D. Mora, S. Gauthier, V. Aragon, G. Ulukavak, Reference procedures for obtaining occupancy profiles in residential buildings, (2018).<\/li><li>C. Carpino, D. Mora, N. Arcuri, M. de Simone, Behavioral variables and occupancy patterns in the design and modeling of Nearly Zero Energy Buildings, Building Simulation. (2017). doi:10.1007\/s12273-017-0371-2.<\/li><li>C. Carpino, G. Fajilla, A. Gaudio, D. Mora, M. de Simone, Application of survey on energy consumption and occupancy in residential buildings . {An} experience in {Southern} {Italy}, Energy Procedia. 148C (2018). doi:https:\/\/doi.org\/10.1016\/j.egypro.2018.08.051.<\/li><li>D. Mora, G. Fajilla, M. Chen Austin, M. de Simone, Occupancy patterns obtained by heuristic approaches: cluster analysis and logical flowcharts. {A} case study in a university office, Energy and Buildings. 186 (2019). doi:10.1016\/j.enbuild.2019.01.023.<\/li><li>O. Guerra-Santin, Behavioural patterns and user profiles related to energy consumption for heating, Energy and Buildings. 43 (2011). doi:10.1016\/j.enbuild.2011.06.024.<\/li><li>O. Guerra-Santin, Occupant behaviour in energy efficient dwellings: evidence of a rebound effect, Journal of Housing and the Built Environment. 28 (2012). doi:10.1007\/s10901-012-9297-2.<\/li><li>J. Paauw, B. Roossien, M.B.C. Aries, O.G. Santin, O. Guerra-Santin, \u201c{Energy} pattern generator\u201d-{Understanding} the effect of user behaviour on energy systems, in: First {European} {Conference} on {Energy} {Efficiency} and Behaviour, Paastricht, 2009.<\/li><\/ul>","protected":false},"excerpt":{"rendered":"<p>Tesis de Maestr\u00eda Cient\u00edfica en Ingenier\u00eda Mec\u00e1nica Estudiante: Ing. Eric Parker Direcci\u00f3n: Dra. Dafni Mora (Asesora) Dr. Miguel Chen Austin (Co-asesor) Resumen: Una de las barreras m\u00e1s importantes cuando se busca mejorar la eficiencia energ\u00e9tica de los edificios, es la falta de conocimiento sobre los factores que determinan el uso final de la energ\u00eda. La Agencia Internacional de Energ\u00eda (IEA)&#8230; <a href=\"https:\/\/eceb.utp.ac.pa\/en\/analisis-del-impacto-del-comportamiento-del-ocupante-en-el-consumo-de-energia-en-edificaciones-auditoria-y-enfoque-experimental-en-panama\/\">Read more &raquo;<\/a><\/p>","protected":false},"author":1,"featured_media":0,"parent":0,"menu_order":0,"comment_status":"closed","ping_status":"closed","template":"","meta":{"footnotes":""},"class_list":["post-1585","page","type-page","status-publish","hentry"],"_links":{"self":[{"href":"https:\/\/eceb.utp.ac.pa\/en\/wp-json\/wp\/v2\/pages\/1585","targetHints":{"allow":["GET"]}}],"collection":[{"href":"https:\/\/eceb.utp.ac.pa\/en\/wp-json\/wp\/v2\/pages"}],"about":[{"href":"https:\/\/eceb.utp.ac.pa\/en\/wp-json\/wp\/v2\/types\/page"}],"author":[{"embeddable":true,"href":"https:\/\/eceb.utp.ac.pa\/en\/wp-json\/wp\/v2\/users\/1"}],"replies":[{"embeddable":true,"href":"https:\/\/eceb.utp.ac.pa\/en\/wp-json\/wp\/v2\/comments?post=1585"}],"version-history":[{"count":4,"href":"https:\/\/eceb.utp.ac.pa\/en\/wp-json\/wp\/v2\/pages\/1585\/revisions"}],"predecessor-version":[{"id":1610,"href":"https:\/\/eceb.utp.ac.pa\/en\/wp-json\/wp\/v2\/pages\/1585\/revisions\/1610"}],"wp:attachment":[{"href":"https:\/\/eceb.utp.ac.pa\/en\/wp-json\/wp\/v2\/media?parent=1585"}],"curies":[{"name":"wp","href":"https:\/\/api.w.org\/{rel}","templated":true}]}}