{"id":1596,"date":"2020-01-11T23:31:53","date_gmt":"2020-01-12T04:31:53","guid":{"rendered":"https:\/\/eceb.utp.ac.pa\/?page_id=1596"},"modified":"2020-01-11T23:53:00","modified_gmt":"2020-01-12T04:53:00","slug":"implementacion-de-la-aerotermia-como-solucion-de-bajo-consumo-en-edificaciones-en-panama-estudio-numerico-y-modelado-con-ees","status":"publish","type":"page","link":"https:\/\/eceb.utp.ac.pa\/en\/implementacion-de-la-aerotermia-como-solucion-de-bajo-consumo-en-edificaciones-en-panama-estudio-numerico-y-modelado-con-ees\/","title":{"rendered":"Implementaci\u00f3n de la aerotermia como soluci\u00f3n de bajo consumo en edificaciones en Panam\u00e1: Estudio num\u00e9rico y modelado con EES"},"content":{"rendered":"<p><\/p>\n\n\n\n<p><strong>Objetivo general:<\/strong><\/p>\n\n\n\n<p>Estudiar la implementaci\u00f3n de la tecnolog\u00eda\naerot\u00e9rmica en edificaciones mediante simulaci\u00f3n.<strong><\/strong><\/p>","protected":false},"excerpt":{"rendered":"<p>Objetivo general: Estudiar la implementaci\u00f3n de la tecnolog\u00eda aerot\u00e9rmica en edificaciones mediante simulaci\u00f3n.<\/p>","protected":false},"author":1,"featured_media":0,"parent":0,"menu_order":0,"comment_status":"closed","ping_status":"closed","template":"","meta":{"footnotes":""},"class_list":["post-1596","page","type-page","status-publish","hentry"],"_links":{"self":[{"href":"https:\/\/eceb.utp.ac.pa\/en\/wp-json\/wp\/v2\/pages\/1596","targetHints":{"allow":["GET"]}}],"collection":[{"href":"https:\/\/eceb.utp.ac.pa\/en\/wp-json\/wp\/v2\/pages"}],"about":[{"href":"https:\/\/eceb.utp.ac.pa\/en\/wp-json\/wp\/v2\/types\/page"}],"author":[{"embeddable":true,"href":"https:\/\/eceb.utp.ac.pa\/en\/wp-json\/wp\/v2\/users\/1"}],"replies":[{"embeddable":true,"href":"https:\/\/eceb.utp.ac.pa\/en\/wp-json\/wp\/v2\/comments?post=1596"}],"version-history":[{"count":2,"href":"https:\/\/eceb.utp.ac.pa\/en\/wp-json\/wp\/v2\/pages\/1596\/revisions"}],"predecessor-version":[{"id":1611,"href":"https:\/\/eceb.utp.ac.pa\/en\/wp-json\/wp\/v2\/pages\/1596\/revisions\/1611"}],"wp:attachment":[{"href":"https:\/\/eceb.utp.ac.pa\/en\/wp-json\/wp\/v2\/media?parent=1596"}],"curies":[{"name":"wp","href":"https:\/\/api.w.org\/{rel}","templated":true}]}}