{"id":1737,"date":"2020-03-13T08:31:45","date_gmt":"2020-03-13T13:31:45","guid":{"rendered":"https:\/\/eceb.utp.ac.pa\/?page_id=1737"},"modified":"2020-08-10T07:32:18","modified_gmt":"2020-08-10T12:32:18","slug":"parametrizacion-del-coeficiente-de-conveccion-en-funcion-de-la-tasa-de-renovacion-de-aire-en-una-edificacion-con-ventilacion-pasiva","status":"publish","type":"page","link":"https:\/\/eceb.utp.ac.pa\/en\/parametrizacion-del-coeficiente-de-conveccion-en-funcion-de-la-tasa-de-renovacion-de-aire-en-una-edificacion-con-ventilacion-pasiva\/","title":{"rendered":"Parametrizaci\u00f3n del coeficiente de convecci\u00f3n en funci\u00f3n de la tasa de renovaci\u00f3n de aire en una edificaci\u00f3n con ventilaci\u00f3n pasiva"},"content":{"rendered":"<p> Tesis de doctorado en Ciencias Ambientales UPM-UTP <\/p>\n\n\n\n<p><strong>Estudiante:<\/strong> Ing. Emelina Mac\u00edas<\/p>\n\n\n\n<p><strong>Direcci\u00f3n:<\/strong><\/p>\n\n\n\n<ul class=\"wp-block-list\"><li>Dr. Miguel Chen Austin (Asesor) <\/li><li>Dr. Tom\u00e1s Baz\u00e1n (Co-asesor)<\/li><li>Dra. Dafni Mora (Co-asesora)<\/li><\/ul>\n\n\n\n<p><strong>Abstract:<\/strong><\/p>\n\n\n\n<p>En esta tesis se propone desarrollar una formulaci\u00f3n \u00fanica para expresar el coeficiente de transferencia de calor por convecci\u00f3n h<sub>c<\/sub> en funci\u00f3n de la tasa de renovaci\u00f3n de flujo de aire por hora, la diferencia de temperatura aire-superficie, el volumen del recinto, el \u00e1rea superficial, la conductividad t\u00e9rmica de los materiales y las propiedades del aire; densidad, viscosidad y calor espec\u00edfico a presi\u00f3n constante, que comprenda todas las orientaciones de las superficies internas de un recinto con ventilaci\u00f3n pasiva. Con esta formulaci\u00f3n se pretende ofrecer una expresi\u00f3n de h<sub>c<\/sub>, que pueda explicar el comportamiento de la din\u00e1mica t\u00e9rmica de las edificaciones y reducir las diferencias que suelen presentarse entre los valores reales y los que se predicen con los modelos actuales usados en el dise\u00f1o del confort t\u00e9rmico. Se formular\u00e1n dos modelos; uno utilizando el teorema de Pi Buckingham el cual ser\u00e1 sometido a un an\u00e1lisis de sensibilidad entre dicho modelo con datos experimentales de otro estudio al sureste de Francia. Seguidamente se har\u00e1n simulaciones del comportamiento de la edificaci\u00f3n utilizando el software DesignBuilder y la din\u00e1mica de fluidos computacional CFD; se calibrar\u00e1 y validar\u00e1 el modelo con datos meteorol\u00f3gicos y de construcci\u00f3n obtenidos del estudio en Francia. Por \u00faltimo, se desea estimar el valor de h<sub>c <\/sub>utilizando los resultados de la simulaci\u00f3n para finalmente comparar los resultados de Pi Buckingham con los de CFD y con los experimentales, teniendo en cuenta la incertidumbre de los datos.<\/p>\n\n\n\n<p><strong>Objetivo general:<\/strong><\/p>\n\n\n\n<p>Describir el coeficiente de transferencia de calor por convecci\u00f3n en funci\u00f3n de la tasa de renovaci\u00f3n de aire por hora y par\u00e1metros pertinentes, en una edificaci\u00f3n con ventilaci\u00f3n pasiva. <\/p>\n\n\n\n<p>Ver manuscrito de tesis<\/p>\n\n\n\n<p><strong>Associated publications:<\/strong><\/p>\n\n\n\n<p><strong>Referencias bibliogr\u00e1ficas:<\/strong><\/p>\n\n\n\n<ul class=\"wp-block-list\"><li>Beausoleil-Morrison, I. (2000). The adaptive coupling of heat and air flow modelling within dynamic whole-building simulation. <em>Mechanical Engineering<\/em>, <em>Ph D<\/em>(May), 241. Retrieved from http:\/\/www.esru.strath.ac.uk\/Documents\/PhD\/beausoleil-morrison_thesis.pdf<\/li><li>Beausoleil-Morrison, I. (2001). Algorithm for calculating convection coefficients for internal building surfaces for the case of mixed flow in rooms. <em>Energy and Buildings<\/em>, <em>33<\/em>(4), 351\u2013361. https:\/\/doi.org\/10.1016\/S0378-7788(00)00117-1<\/li><li>Da Yan, T. H. (2018). <em>International Energy Agency , EBC Annex 66 Definition and Simulation of Occupant Behavior in Buildings Annex 66 Final Report<\/em>.<\/li><li>Domingues, P., Carreira, P., Vieira, R., &amp; Kastner, W. (2016). Building automation systems: Concepts and technology review. <em>Computer Standards and Interfaces<\/em>, <em>45<\/em>(November), 1\u201312. https:\/\/doi.org\/10.1016\/j.csi.2015.11.005<\/li><li>F. ALAMDARI, MSc and G. P. HAMMOND, MSc, CEng, MIMechE, Mi., &amp; List. (1983). <em>Improved data correlations for buoyancy-driven convection in rooms<\/em>. <em>3<\/em>(1972), 240.<\/li><li>Gilani, S., &amp; O\u2019Brien, W. (2018). A preliminary study of occupants\u2019 use of manual lighting controls in private offices: A case study. <em>Energy and Buildings<\/em>, <em>159<\/em>, 572\u2013586. https:\/\/doi.org\/10.1016\/j.enbuild.2017.11.055<\/li><li>Gunay, H. B., Shen, W., Newsham, G., &amp; Ashouri, A. (2018). Modelling and analysis of unsolicited temperature setpoint change requests in office buildings. <em>Building and Environment<\/em>, <em>133<\/em>, 203\u2013212. https:\/\/doi.org\/10.1016\/j.buildenv.2018.02.025<\/li><li>Miguel Chen Austin. (2018). <em>Couplage entre ventilation naturelle et stockage-d\u00e9stockage d \u2019 \u00e9nergie sensible en b\u00e2timent\u202f: approche exp\u00e9rimentale et mod\u00e9lisation<\/em>.<\/li><li>Obyn, S., &amp; Van Moeseke, G. (2015). Variability and impact of internal surfaces convective heat transfer coefficients in the thermal evaluation of office buildings. <em>Applied Thermal Engineering<\/em>, <em>87<\/em>, 258\u2013272. https:\/\/doi.org\/10.1016\/j.applthermaleng.2015.05.030<\/li><li>Viot, H., Sempey, A., Mora, L., &amp; Batsale, J. C. (2015). Fast on-site measurement campaigns and simple building models identification for heating control. <em>Energy Procedia<\/em>, <em>78<\/em>, 812\u2013817. https:\/\/doi.org\/10.1016\/j.egypro.2015.11.107<\/li><\/ul>","protected":false},"excerpt":{"rendered":"<p>Tesis de doctorado en Ciencias Ambientales UPM-UTP Estudiante: Ing. Emelina Mac\u00edas Direcci\u00f3n: Dr. Miguel Chen Austin (Asesor) Dr. Tom\u00e1s Baz\u00e1n (Co-asesor) Dra. Dafni Mora (Co-asesora) Resumen: En esta tesis se propone desarrollar una formulaci\u00f3n \u00fanica para expresar el coeficiente de transferencia de calor por convecci\u00f3n hc en funci\u00f3n de la tasa de renovaci\u00f3n de flujo de aire por hora, la&#8230; <a href=\"https:\/\/eceb.utp.ac.pa\/en\/parametrizacion-del-coeficiente-de-conveccion-en-funcion-de-la-tasa-de-renovacion-de-aire-en-una-edificacion-con-ventilacion-pasiva\/\">Read more &raquo;<\/a><\/p>","protected":false},"author":1,"featured_media":0,"parent":0,"menu_order":0,"comment_status":"closed","ping_status":"closed","template":"","meta":{"footnotes":""},"class_list":["post-1737","page","type-page","status-publish","hentry"],"_links":{"self":[{"href":"https:\/\/eceb.utp.ac.pa\/en\/wp-json\/wp\/v2\/pages\/1737","targetHints":{"allow":["GET"]}}],"collection":[{"href":"https:\/\/eceb.utp.ac.pa\/en\/wp-json\/wp\/v2\/pages"}],"about":[{"href":"https:\/\/eceb.utp.ac.pa\/en\/wp-json\/wp\/v2\/types\/page"}],"author":[{"embeddable":true,"href":"https:\/\/eceb.utp.ac.pa\/en\/wp-json\/wp\/v2\/users\/1"}],"replies":[{"embeddable":true,"href":"https:\/\/eceb.utp.ac.pa\/en\/wp-json\/wp\/v2\/comments?post=1737"}],"version-history":[{"count":6,"href":"https:\/\/eceb.utp.ac.pa\/en\/wp-json\/wp\/v2\/pages\/1737\/revisions"}],"predecessor-version":[{"id":1816,"href":"https:\/\/eceb.utp.ac.pa\/en\/wp-json\/wp\/v2\/pages\/1737\/revisions\/1816"}],"wp:attachment":[{"href":"https:\/\/eceb.utp.ac.pa\/en\/wp-json\/wp\/v2\/media?parent=1737"}],"curies":[{"name":"wp","href":"https:\/\/api.w.org\/{rel}","templated":true}]}}