{"id":1764,"date":"2020-06-04T09:26:42","date_gmt":"2020-06-04T14:26:42","guid":{"rendered":"https:\/\/eceb.utp.ac.pa\/?page_id=1764"},"modified":"2020-06-04T10:21:58","modified_gmt":"2020-06-04T15:21:58","slug":"biomimesis","status":"publish","type":"page","link":"https:\/\/eceb.utp.ac.pa\/en\/biomimesis\/","title":{"rendered":"Biom\u00edmesis"},"content":{"rendered":"<p>El biom\u00edmesis (biomimicry, en ingl\u00e9s) se define como el arte de imitar a la naturaleza, cosa que venimos haciendo desde tiempos inimaginables al intentar resolver problemas de comida, refugio y otras tomando como fuente de inspiraci\u00f3n nuestro alrededor natural. La palabra proviene del griego <em>bio<\/em>, \u201cvida\u201d, y <em>mimesis<\/em>, \u201cimitar\u201d. Tambi\u00e9n es conocida por biomimetismo o biomim\u00e9tica. Con el paso de los a\u00f1os se ha ido innovando m\u00e1s y m\u00e1s, desde la forma de como conseguir comida hasta los medios de transporte, como lo fue el caso de Leonardo Da Vinci, considerado el pionero de la biom\u00edmesis, luego de examinar la anatom\u00eda y manera de vuelo de las aves se inspir\u00f3 para crear una m\u00e1quina que se elevara por los cielos. Por otra parte, en los \u00faltimos a\u00f1os la biom\u00edmesis ha tomado relevancia en el \u00e1rea de ingenier\u00eda y arquitectura, dando paso a edificaciones inteligentes, autosostenibles y curiosos a la vista ante la forma de su estructura. La energ\u00eda consumida mediante el uso de edificios y la producci\u00f3n de materiales de construcci\u00f3n forma una parte significativa del consumo total de energ\u00eda en las sociedades ricas de hoy. Actualmente nos enfrentamos a dos problemas principales relacionados con el consumo de energ\u00eda. Uno es el agotamiento de los recursos energ\u00e9ticos y la materia prima mineral y otro, el aumento de varios tipos de contaminaci\u00f3n que causan lo que com\u00fanmente se llama calentamiento global [1].<\/p>\n\n\n\n<ul class=\"wp-block-list\"><li>Biom\u00edmesis en edificaciones<\/li><\/ul>\n\n\n\n<p>Desde lo m\u00e1s com\u00fan\n(\u00e1reas verdes para est\u00e9tica y reducir el calor en las edificaciones) hasta lo\nm\u00e1s complejo (paneles de vidrio que absorben el calor del sol y a la vez dejan\nobservar a trav\u00e9s de este) son alguno de los ejemplos que se ven de biomim\u00e9tica\nen la vida real. Cuando un\ndise\u00f1ador de interiores dice que un dise\u00f1o est\u00e1 influenciado por la naturaleza,\nlo m\u00e1s probable es que est\u00e9 hablando de su apariencia: tiene una forma\norg\u00e1nica. La naturaleza es una buena maestra en este sentido, pero imitar o inspirarse\nen formas, texturas y colores de apariencia natural no es biomim\u00e9tica. Para\ncitar al Dr. Julian Vincent, <em>\u00abla biomim\u00e9tica debe tener algo de\nbiolog\u00eda\u00bb. <\/em>Por lo que quiere decir que un dise\u00f1o debe ser informado de\nalguna manera por la ciencia de la naturaleza, no solo por su aspecto de ser\nrealmente biomim\u00e9tico [2]. El desarrollo\nsostenible se est\u00e1 moviendo a un nuevo nivel donde los edificios son parte\nintegral de la naturaleza, apoyando el trabajo de la naturaleza en lugar de interferir\ncon los ecosistemas que sostienen la vida. La naturaleza ha estado ofreciendo\ninmensas ideas e inspiraciones a los dise\u00f1adores para crear arquitectura [4].<\/p>\n\n\n\n<p><strong>Proyectos relacionados:<\/strong><\/p>\n\n\n\n<ul class=\"wp-block-list\"><li>Biomimetic solutions as an alternative to address the energy efficiency challenges in buildings in Panama. <a rel=\"noreferrer noopener\" aria-label=\"Ver proyecto (abre en una nueva pesta\u00f1a)\" href=\"https:\/\/eceb.utp.ac.pa\/en\/soluciones-biomimeticas\/\" target=\"_blank\">See project<\/a>.<\/li><\/ul>","protected":false},"excerpt":{"rendered":"<p>El biom\u00edmesis (biomimicry, en ingl\u00e9s) se define como el arte de imitar a la naturaleza, cosa que venimos haciendo desde tiempos inimaginables al intentar resolver problemas de comida, refugio y otras tomando como fuente de inspiraci\u00f3n nuestro alrededor natural. La palabra proviene del griego bio, \u201cvida\u201d, y mimesis, \u201cimitar\u201d. Tambi\u00e9n es conocida por biomimetismo o biomim\u00e9tica. Con el paso de&#8230; <a href=\"https:\/\/eceb.utp.ac.pa\/en\/biomimesis\/\">Read more &raquo;<\/a><\/p>","protected":false},"author":1,"featured_media":0,"parent":0,"menu_order":0,"comment_status":"closed","ping_status":"closed","template":"","meta":{"footnotes":""},"class_list":["post-1764","page","type-page","status-publish","hentry"],"_links":{"self":[{"href":"https:\/\/eceb.utp.ac.pa\/en\/wp-json\/wp\/v2\/pages\/1764","targetHints":{"allow":["GET"]}}],"collection":[{"href":"https:\/\/eceb.utp.ac.pa\/en\/wp-json\/wp\/v2\/pages"}],"about":[{"href":"https:\/\/eceb.utp.ac.pa\/en\/wp-json\/wp\/v2\/types\/page"}],"author":[{"embeddable":true,"href":"https:\/\/eceb.utp.ac.pa\/en\/wp-json\/wp\/v2\/users\/1"}],"replies":[{"embeddable":true,"href":"https:\/\/eceb.utp.ac.pa\/en\/wp-json\/wp\/v2\/comments?post=1764"}],"version-history":[{"count":8,"href":"https:\/\/eceb.utp.ac.pa\/en\/wp-json\/wp\/v2\/pages\/1764\/revisions"}],"predecessor-version":[{"id":1776,"href":"https:\/\/eceb.utp.ac.pa\/en\/wp-json\/wp\/v2\/pages\/1764\/revisions\/1776"}],"wp:attachment":[{"href":"https:\/\/eceb.utp.ac.pa\/en\/wp-json\/wp\/v2\/media?parent=1764"}],"curies":[{"name":"wp","href":"https:\/\/api.w.org\/{rel}","templated":true}]}}