{"id":1773,"date":"2020-06-04T10:20:54","date_gmt":"2020-06-04T15:20:54","guid":{"rendered":"https:\/\/eceb.utp.ac.pa\/?page_id=1773"},"modified":"2022-10-02T08:53:12","modified_gmt":"2022-10-02T13:53:12","slug":"soluciones-biomimeticas","status":"publish","type":"page","link":"https:\/\/eceb.utp.ac.pa\/en\/soluciones-biomimeticas\/","title":{"rendered":"Soluciones biomim\u00e9ticas como alternativa para abordar los desaf\u00edos de eficiencia energ\u00e9tica en ciudades en Panam\u00e1"},"content":{"rendered":"<p> Proyecto I+D financiado por ECEB y SNI<\/p>\n\n\n\n<p><strong>Status:&nbsp;<\/strong>Ongoing<\/p>\n\n\n\n<p><strong>Execution period:\u00a0<\/strong>2019 \u2013 2024<\/p>\n\n\n\n<p><strong>Abstract:<\/strong><\/p>\n\n\n\n<p>En los \u00faltimos a\u00f1os, el crecimiento demogr\u00e1fico ha hecho que las ciudades ampl\u00eden sus zonas urbanas, aumentando la masa de materiales con gran capacidad de almacenamiento de calor. Este incremento del calor almacenado en el entorno construido crea unas condiciones microclim\u00e1ticas insuperables dentro del \u00e1rea metropolitana para los peatones. Estas condiciones microclim\u00e1ticas podr\u00edan hacer inviable el uso de la ventilaci\u00f3n natural para la refrigeraci\u00f3n pasiva en interiores, lo que llevar\u00eda a un mayor uso de los aires acondicionados. La disipaci\u00f3n del calor del aire acondicionado al entorno exterior del edificio contribuye a las condiciones microclim\u00e1ticas, adem\u00e1s del calor almacenado anteriormente, aumentando el riesgo de sobrecalentamiento. \u00a0Adem\u00e1s, la crisis del cambio clim\u00e1tico est\u00e1 provocando graves sequ\u00edas prolongadas y periodos de sobrecalentamiento en los hemisferios norte y sur, aumentando las tasas de mortalidad. Las regiones tropicales han presentado un aumento de las inundaciones, los vientos extremos y los terremotos, que son m\u00e1s fuertes y frecuentes de lo habitual, procedentes de las \u00abondas tropicales\u00bb. Para hacer frente a estos retos relacionados con el clima, normalmente las estrategias de dise\u00f1o bioinspiradas se aplican individualmente al dise\u00f1o de los edificios o a los sistemas dentro de los mismos, pero, aunque no se apliquen de forma generalizada en la realidad, algunas ciudades se dise\u00f1an \u00edntegramente utilizando dichas estrategias. Tal es el caso de una ciudad de la regi\u00f3n tropical de la India que ha sido dise\u00f1ada y desarrollada utilizando estrategias bioinspiradas. Otros an\u00e1lisis a escala de distrito se han realizado en climas tropicales mediante herramientas de simulaci\u00f3n din\u00e1mica. Por otro lado, los pa\u00edses en v\u00edas de desarrollo de las regiones tropicales han comenzado recientemente a desarrollar normativas energ\u00e9ticas para el entorno construido, lo que hace dif\u00edcil visualizar una implementaci\u00f3n a corto plazo de cualquier dise\u00f1o bioinspirado a escala de ciudad. Por ello, la mayor\u00eda de los estudios se quedan en un estado de proyecto de investigaci\u00f3n preliminar.<\/p>\n\n\n\n<p><\/p>\n\n\n\n<p><strong>Objetivo general:<\/strong><\/p>\n\n\n\n<p>Evaluar estrategias de dise\u00f1o de inspiraci\u00f3n biol\u00f3gica para el entorno construido urbano con el fin de abordar los retos relacionados con el cambio clim\u00e1tico a escala de la ciudad en clima tropical.<\/p>","protected":false},"excerpt":{"rendered":"<p>Proyecto I+D financiado por ECEB y SNI Estado:&nbsp;En ejecuci\u00f3n Periodo:\u00a02019 \u2013 2024 Resumen: En los \u00faltimos a\u00f1os, el crecimiento demogr\u00e1fico ha hecho que las ciudades ampl\u00eden sus zonas urbanas, aumentando la masa de materiales con gran capacidad de almacenamiento de calor. Este incremento del calor almacenado en el entorno construido crea unas condiciones microclim\u00e1ticas insuperables dentro del \u00e1rea metropolitana para&#8230; <a href=\"https:\/\/eceb.utp.ac.pa\/en\/soluciones-biomimeticas\/\">Read more &raquo;<\/a><\/p>","protected":false},"author":1,"featured_media":0,"parent":0,"menu_order":0,"comment_status":"closed","ping_status":"closed","template":"","meta":{"footnotes":""},"class_list":["post-1773","page","type-page","status-publish","hentry"],"_links":{"self":[{"href":"https:\/\/eceb.utp.ac.pa\/en\/wp-json\/wp\/v2\/pages\/1773","targetHints":{"allow":["GET"]}}],"collection":[{"href":"https:\/\/eceb.utp.ac.pa\/en\/wp-json\/wp\/v2\/pages"}],"about":[{"href":"https:\/\/eceb.utp.ac.pa\/en\/wp-json\/wp\/v2\/types\/page"}],"author":[{"embeddable":true,"href":"https:\/\/eceb.utp.ac.pa\/en\/wp-json\/wp\/v2\/users\/1"}],"replies":[{"embeddable":true,"href":"https:\/\/eceb.utp.ac.pa\/en\/wp-json\/wp\/v2\/comments?post=1773"}],"version-history":[{"count":6,"href":"https:\/\/eceb.utp.ac.pa\/en\/wp-json\/wp\/v2\/pages\/1773\/revisions"}],"predecessor-version":[{"id":2490,"href":"https:\/\/eceb.utp.ac.pa\/en\/wp-json\/wp\/v2\/pages\/1773\/revisions\/2490"}],"wp:attachment":[{"href":"https:\/\/eceb.utp.ac.pa\/en\/wp-json\/wp\/v2\/media?parent=1773"}],"curies":[{"name":"wp","href":"https:\/\/api.w.org\/{rel}","templated":true}]}}