{"id":2010,"date":"2021-06-29T15:55:00","date_gmt":"2021-06-29T20:55:00","guid":{"rendered":"https:\/\/eceb.utp.ac.pa\/?page_id=2010"},"modified":"2022-10-02T08:48:23","modified_gmt":"2022-10-02T13:48:23","slug":"fid-fid-2021-43","status":"publish","type":"page","link":"https:\/\/eceb.utp.ac.pa\/en\/fid-fid-2021-43\/","title":{"rendered":"Implementaci\u00f3n y validaci\u00f3n de soluciones energ\u00e9ticas basadas en bioclim\u00e1tica y biomim\u00e9tica con miras a urbanizaciones cognitivas y energ\u00eda cero en Panam\u00e1"},"content":{"rendered":"<p>Proyecto I+D financiado por SENACYT: PFID-FID-2021-43<\/p>\n\n\n\n<p><strong>Status:<\/strong> En ejecuci\u00f3n desde diciembre 2021<\/p>\n\n\n\n<p><strong>Execution period:<\/strong> 2021 &#8211; 2023<\/p>\n\n\n\n<p class=\"has-text-align-left\"><strong>Coordinadora del proyecto: <\/strong>Ing. Katherine Chung Camargo, profesora tiempo parcial en la Facultad de Ingenier\u00eda Mec\u00e1nica.<\/p>\n\n\n\n<div class=\"wp-block-media-text alignwide has-media-on-the-right is-stacked-on-mobile is-vertically-aligned-top\" style=\"grid-template-columns:auto 28%\"><figure class=\"wp-block-media-text__media\"><img loading=\"lazy\" decoding=\"async\" width=\"750\" height=\"875\" src=\"https:\/\/eceb.utp.ac.pa\/wp-content\/uploads\/2022\/08\/WhatsApp-Image-2020-01-05-at-16.18.26.jpeg\" alt=\"\" class=\"wp-image-2379 size-full\" srcset=\"https:\/\/eceb.utp.ac.pa\/wp-content\/uploads\/2022\/08\/WhatsApp-Image-2020-01-05-at-16.18.26.jpeg 750w, https:\/\/eceb.utp.ac.pa\/wp-content\/uploads\/2022\/08\/WhatsApp-Image-2020-01-05-at-16.18.26-257x300.jpeg 257w, https:\/\/eceb.utp.ac.pa\/wp-content\/uploads\/2022\/08\/WhatsApp-Image-2020-01-05-at-16.18.26-10x12.jpeg 10w, https:\/\/eceb.utp.ac.pa\/wp-content\/uploads\/2022\/08\/WhatsApp-Image-2020-01-05-at-16.18.26-624x728.jpeg 624w\" sizes=\"auto, (max-width: 750px) 100vw, 750px\" \/><\/figure><div class=\"wp-block-media-text__content\">\n<p><\/p>\n<\/div><\/div>\n\n\n\n<p><\/p>\n\n\n\n<p><\/p>\n\n\n\n<p><strong>Abstract:<\/strong><\/p>\n\n\n\n<p>El grupo de investigaci\u00f3n en Energ\u00e9tica y Confort en Edificaciones Bioclim\u00e1ticas (ECEB), (https:\/\/eceb.utp.ac.pa\/) proponente de este proyecto, cuenta con cerca 50 miembros entre estudiantes y profesionales (investigadores y profesores) de las diversas \u00e1reas t\u00e9cnicas relacionadas con el contexto de las edificaciones: Energ\u00eda y Ambiente, Automatizaci\u00f3n y Control, Sistemas computacionales e Internet de las cosas, Estad\u00edstica avanzada, Biolog\u00eda, Arquitectura bioclim\u00e1tica y Urbanismo, entre otras. La presente propuesta tiene como objetivo general, validar soluciones energ\u00e9ticas basadas en bioclim\u00e1tica y biomim\u00e9tica a escala real a trav\u00e9s de la construcci\u00f3n y puesta en marcha de un prototipo de edificaci\u00f3n experimental habitable. Est\u00e1 fundamentada en los proyectos que se encuentran actualmente en desarrollo y en la experiencia de investigaci\u00f3n que han tenido los proponentes tanto individual como en conjunto. Dicha experiencia en conjunto en investigaci\u00f3n ha sido reflejada en 2019 y 2020, a trav\u00e9s de la direcci\u00f3n de tesis, actividades de difusi\u00f3n (congresos, publicaciones) y actividades de fomento a la sinergia. La primera fase propone la construcci\u00f3n de una edificaci\u00f3n experimental a escala real habitable (EEERH) para validaci\u00f3n de al menos dos de las soluciones energ\u00e9ticas basadas en bioclim\u00e1tica y biomim\u00e9tica previamente desarrollados en los proyectos anteriores (FID18-056 y FIED19-R2-005), acompa\u00f1ado de un banco experimental que permita la calibraci\u00f3n de sensores pertinentes para implementar una dom\u00f3tica aut\u00f3noma para monitoreo del EEERH. Lo anterior, durante la duraci\u00f3n del proyecto, permite consecuentemente, la implementaci\u00f3n de dichas soluciones validadas a edificaciones existentes en Panam\u00e1, con miras a mejorar las normativas y regulaciones locales con evidencias contundentes. La segunda fase pretende evaluar, a trav\u00e9s de simulaci\u00f3n din\u00e1mica, las soluciones energ\u00e9ticas a escala de urbanizaci\u00f3n para posteriormente sistematizarlas de manera que se pueda desarrollar un plan de acci\u00f3n de dichas soluciones a urbanizaciones a consumo energ\u00e9tico cero.<\/p>\n\n\n\n<p><strong>Objetivo general:<\/strong> Validar soluciones energ\u00e9ticas basadas en bioclim\u00e1tica y biomim\u00e9tica a escala real, con miras a urbanizaciones cognitivas y energ\u00eda cero en Panam\u00e1.<\/p>\n\n\n\n<p><strong>Objetivos espec\u00edficos:<\/strong><\/p>\n\n\n\n<p><strong>Project researchers:<\/strong><\/p>\n\n\n\n<ul class=\"wp-block-list\"><li>Dr. Miguel Chen Austin (Investigador principal)<\/li><li>Dra. Dafni Mora (Co-Investigadora)<\/li><li>Dra. Vanessa Quintero (Co-Investigadora)<\/li><li>Dra. Nathalia Tejedor (Co-Investigadora)<\/li><li>Dra. Carmen Casta\u00f1o, M.Sc. (Co-Investigadora)<\/li><li>Lic. Jos\u00e9 Ulises Jim\u00e9nez (Co-Investigador)<\/li><li>Dr. Carlos Boya (Co-Investigador)<\/li><\/ul>\n\n\n\n<p><strong>Metodolog\u00eda propuesta:<\/strong><\/p>\n\n\n\n<figure class=\"wp-block-image size-large\"><img loading=\"lazy\" decoding=\"async\" width=\"1024\" height=\"346\" src=\"https:\/\/eceb.utp.ac.pa\/wp-content\/uploads\/2021\/06\/Presentation3-1024x346.png\" alt=\"\" class=\"wp-image-2022\" srcset=\"https:\/\/eceb.utp.ac.pa\/wp-content\/uploads\/2021\/06\/Presentation3-1024x346.png 1024w, https:\/\/eceb.utp.ac.pa\/wp-content\/uploads\/2021\/06\/Presentation3-300x101.png 300w, https:\/\/eceb.utp.ac.pa\/wp-content\/uploads\/2021\/06\/Presentation3-768x259.png 768w, https:\/\/eceb.utp.ac.pa\/wp-content\/uploads\/2021\/06\/Presentation3-1536x519.png 1536w, https:\/\/eceb.utp.ac.pa\/wp-content\/uploads\/2021\/06\/Presentation3-2048x692.png 2048w, https:\/\/eceb.utp.ac.pa\/wp-content\/uploads\/2021\/06\/Presentation3-16x5.png 16w, https:\/\/eceb.utp.ac.pa\/wp-content\/uploads\/2021\/06\/Presentation3-624x211.png 624w\" sizes=\"auto, (max-width: 1024px) 100vw, 1024px\" \/><\/figure>","protected":false},"excerpt":{"rendered":"<p>Proyecto I+D financiado por SENACYT: PFID-FID-2021-43 Estado: En ejecuci\u00f3n desde diciembre 2021 Periodo: 2021 &#8211; 2023 Coordinadora del proyecto: Ing. Katherine Chung Camargo, profesora tiempo parcial en la Facultad de Ingenier\u00eda Mec\u00e1nica. Resumen: El grupo de investigaci\u00f3n en Energ\u00e9tica y Confort en Edificaciones Bioclim\u00e1ticas (ECEB), (https:\/\/eceb.utp.ac.pa\/) proponente de este proyecto, cuenta con cerca 50 miembros entre estudiantes y profesionales (investigadores&#8230; <a href=\"https:\/\/eceb.utp.ac.pa\/en\/fid-fid-2021-43\/\">Read more &raquo;<\/a><\/p>","protected":false},"author":1,"featured_media":0,"parent":0,"menu_order":0,"comment_status":"closed","ping_status":"closed","template":"","meta":{"footnotes":""},"class_list":["post-2010","page","type-page","status-publish","hentry"],"_links":{"self":[{"href":"https:\/\/eceb.utp.ac.pa\/en\/wp-json\/wp\/v2\/pages\/2010","targetHints":{"allow":["GET"]}}],"collection":[{"href":"https:\/\/eceb.utp.ac.pa\/en\/wp-json\/wp\/v2\/pages"}],"about":[{"href":"https:\/\/eceb.utp.ac.pa\/en\/wp-json\/wp\/v2\/types\/page"}],"author":[{"embeddable":true,"href":"https:\/\/eceb.utp.ac.pa\/en\/wp-json\/wp\/v2\/users\/1"}],"replies":[{"embeddable":true,"href":"https:\/\/eceb.utp.ac.pa\/en\/wp-json\/wp\/v2\/comments?post=2010"}],"version-history":[{"count":10,"href":"https:\/\/eceb.utp.ac.pa\/en\/wp-json\/wp\/v2\/pages\/2010\/revisions"}],"predecessor-version":[{"id":2487,"href":"https:\/\/eceb.utp.ac.pa\/en\/wp-json\/wp\/v2\/pages\/2010\/revisions\/2487"}],"wp:attachment":[{"href":"https:\/\/eceb.utp.ac.pa\/en\/wp-json\/wp\/v2\/media?parent=2010"}],"curies":[{"name":"wp","href":"https:\/\/api.w.org\/{rel}","templated":true}]}}