{"id":61,"date":"2019-04-21T20:28:18","date_gmt":"2019-04-22T01:28:18","guid":{"rendered":"https:\/\/eceb.utp.ac.pa\/?page_id=61"},"modified":"2023-06-26T10:06:02","modified_gmt":"2023-06-26T15:06:02","slug":"lineas-de-investigacion","status":"publish","type":"page","link":"https:\/\/eceb.utp.ac.pa\/en\/lineas-de-investigacion\/","title":{"rendered":"Research areas"},"content":{"rendered":"<ul class=\"wp-block-list\">\n<li>Occupants' behavior. <\/li>\n\n\n\n<li>Standards and regulations. <\/li>\n\n\n\n<li>Bioclimatic architecture. <\/li>\n\n\n\n<li>Biomimicry. <\/li>\n\n\n\n<li>Control and automation of the indoor and outdoor comfort. <\/li>\n\n\n\n<li>Modeling, optimization and forecasting techniques. <\/li>\n\n\n\n<li>Experimental techniques and studies. <\/li>\n\n\n\n<li>LCA: Smart buildings and cities.<\/li>\n<\/ul>\n\n\n\n<h2 class=\"wp-block-heading has-text-align-center\">Ongoing projects<\/h2>\n\n\n\n<ol class=\"wp-block-list\">\n<li> Energy consumption in buildings, technical characteristics and occupants' behavior. <a href=\"https:\/\/eceb.utp.ac.pa\/en\/uso-racional-de-la-energia\/\">See project<\/a><\/li>\n\n\n\n<li> Adaptation of passive bioclimatic architecture in buildings in Panama: A numerical study. <a href=\"https:\/\/eceb.utp.ac.pa\/en\/arquitectura-bioclimatica-pasiva\/\">See project<\/a><\/li>\n\n\n\n<li>Evaluation of low consumption solutions towards zero energy buildings in Panama (FID18-056). <a href=\"https:\/\/eceb.utp.ac.pa\/en\/soluciones-de-bajo-consumo\/\">See project<\/a><\/li>\n\n\n\n<li>Control and automation of indoor and outdoor comfort in buildings in Panama. <\/li>\n\n\n\n<li>Automation of zones to optimize comfort and energy consumption in buildings in Panama (FIED19-R2-005). <a href=\"https:\/\/eceb.utp.ac.pa\/en\/automatizacion-de-espacios-para-optimizar-el-confort-y-el-consumo-energetico-en-edificaciones-en-panama\/\">See project<\/a><\/li>\n\n\n\n<li>Soluciones biomim\u00e9ticas como alternativa para abordar los desaf\u00edos de eficiencia energ\u00e9tica en ciudades en Panam\u00e1 (SNI30-2021). <a href=\"https:\/\/eceb.utp.ac.pa\/en\/soluciones-biomimeticas\/\">See project<\/a><\/li>\n\n\n\n<li>Implementaci\u00f3n y validaci\u00f3n de soluciones energ\u00e9ticas basadas en bioclim\u00e1tica y biomim\u00e9tica con miras a urbanizaciones cognitivas y energ\u00eda cero en Panam\u00e1 (PFID-FID-2021-43). <a rel=\"noreferrer noopener\" href=\"https:\/\/eceb.utp.ac.pa\/en\/fid-fid-2021-43\/\" data-type=\"URL\" data-id=\"https:\/\/eceb.utp.ac.pa\/fid-fid-2021-43\/\" target=\"_blank\">See project<\/a><\/li>\n\n\n\n<li>Laboratorio Especializado en Soluciones Energ\u00e9ticas Pasivas y Confort en Edificaciones (LESEPCE). <a rel=\"noreferrer noopener\" href=\"https:\/\/eceb.utp.ac.pa\/en\/laboratorio-especializado-en-soluciones-energeticas-pasivas-y-confort-en-edificaciones-lesepce\/\" data-type=\"URL\" data-id=\"https:\/\/eceb.utp.ac.pa\/laboratorio-especializado-en-soluciones-energeticas-pasivas-y-confort-en-edificaciones-lesepce\/\" target=\"_blank\">See project<\/a><\/li>\n\n\n\n<li>Soluciones innovadoras para la renovaci\u00f3n orientada a los edificios de energ\u00eda neta cero en clima c\u00e1lido y h\u00famedo: Directrices y mejores pr\u00e1cticas (IDDS22-30). <a rel=\"noreferrer noopener\" href=\"https:\/\/eceb.utp.ac.pa\/en\/idds22-30\/\" data-type=\"URL\" data-id=\"https:\/\/eceb.utp.ac.pa\/idds22-30\/\" target=\"_blank\">See project<\/a> <\/li>\n\n\n\n<li>Sostenibilidad ambiental del Campus Universitario: Hacia cero emisiones a trav\u00e9s de multiestrategias renovables (FIED22-09). <a rel=\"noreferrer noopener\" href=\"https:\/\/eceb.utp.ac.pa\/en\/fied22-09\/\" data-type=\"URL\" data-id=\"https:\/\/eceb.utp.ac.pa\/fied22-09\/\" target=\"_blank\">See project<\/a><\/li>\n\n\n\n<li>Impacto de la interacci\u00f3n energ\u00e9tica sistema-ocupante basada en datos con miras a edificios inteligentes en Panam\u00e1 (FID22-86). <a rel=\"noreferrer noopener\" href=\"https:\/\/eceb.utp.ac.pa\/en\/fid22-86\/\" data-type=\"URL\" data-id=\"https:\/\/eceb.utp.ac.pa\/fid22-86\/\" target=\"_blank\">See project<\/a><\/li>\n<\/ol>","protected":false},"excerpt":{"rendered":"<p>Ongoing projects<\/p>","protected":false},"author":1,"featured_media":0,"parent":0,"menu_order":0,"comment_status":"closed","ping_status":"closed","template":"","meta":{"footnotes":""},"class_list":["post-61","page","type-page","status-publish","hentry"],"_links":{"self":[{"href":"https:\/\/eceb.utp.ac.pa\/en\/wp-json\/wp\/v2\/pages\/61","targetHints":{"allow":["GET"]}}],"collection":[{"href":"https:\/\/eceb.utp.ac.pa\/en\/wp-json\/wp\/v2\/pages"}],"about":[{"href":"https:\/\/eceb.utp.ac.pa\/en\/wp-json\/wp\/v2\/types\/page"}],"author":[{"embeddable":true,"href":"https:\/\/eceb.utp.ac.pa\/en\/wp-json\/wp\/v2\/users\/1"}],"replies":[{"embeddable":true,"href":"https:\/\/eceb.utp.ac.pa\/en\/wp-json\/wp\/v2\/comments?post=61"}],"version-history":[{"count":10,"href":"https:\/\/eceb.utp.ac.pa\/en\/wp-json\/wp\/v2\/pages\/61\/revisions"}],"predecessor-version":[{"id":2564,"href":"https:\/\/eceb.utp.ac.pa\/en\/wp-json\/wp\/v2\/pages\/61\/revisions\/2564"}],"wp:attachment":[{"href":"https:\/\/eceb.utp.ac.pa\/en\/wp-json\/wp\/v2\/media?parent=61"}],"curies":[{"name":"wp","href":"https:\/\/api.w.org\/{rel}","templated":true}]}}